{"id":43,"date":"2026-02-22T17:27:53","date_gmt":"2026-02-22T17:27:53","guid":{"rendered":"https:\/\/ckzczarnkow.edu.pl\/?page_id=43"},"modified":"2026-02-22T17:27:53","modified_gmt":"2026-02-22T17:27:53","slug":"o-blogu","status":"publish","type":"page","link":"https:\/\/ckzczarnkow.edu.pl\/?page_id=43","title":{"rendered":"O blogu"},"content":{"rendered":"\n<p><strong>LogiSphere \u2013 Przestrze\u0144 Nowoczesnej Logistyki<\/strong> to blog po\u015bwi\u0119cony procesom, kt\u00f3re stoj\u0105 za sprawnym funkcjonowaniem wsp\u00f3\u0142czesnego biznesu. Skupia si\u0119 na praktycznych aspektach e-commerce, logistyki kontraktowej, magazynowania oraz us\u0142ug takich jak fulfillment i co-packing.<\/p>\n\n\n\n<p>Publikowane artyku\u0142y pokazuj\u0105:<\/p>\n\n\n\n<ul class=\"wp-block-list\">\n<li> jak logistyka staje si\u0119 fundamentem skalowania sprzeda\u017cy<\/li>\n\n\n\n<li> dlaczego operatorzy logistyczni s\u0105 partnerami w rozwoju firm<\/li>\n\n\n\n<li> jak dobra\u0107 model sk\u0142adowania do potrzeb biznesu<\/li>\n\n\n\n<li> w jaki spos\u00f3b technologia i dane usprawniaj\u0105 procesy<\/li>\n<\/ul>\n\n\n\n<p>To przestrze\u0144 dla przedsi\u0119biorc\u00f3w, mened\u017cer\u00f3w i os\u00f3b zainteresowanych nowoczesnym podej\u015bciem do operacji. Blog \u0142\u0105czy analityczne spojrzenie z praktyk\u0105 rynkow\u0105, pokazuj\u0105c, \u017ce dobrze zaprojektowana logistyka nie jest kosztem \u2013 lecz inwestycj\u0105 w rozw\u00f3j.<\/p>\n","protected":false},"excerpt":{"rendered":"<p>LogiSphere \u2013 Przestrze\u0144 Nowoczesnej Logistyki to blog po\u015bwi\u0119cony procesom, kt\u00f3re stoj\u0105 za sprawnym funkcjonowaniem wsp\u00f3\u0142czesnego biznesu. Skupia si\u0119 na praktycznych aspektach e-commerce, logistyki kontraktowej, magazynowania oraz us\u0142ug takich jak fulfillment i co-packing. Publikowane artyku\u0142y pokazuj\u0105: To przestrze\u0144 dla przedsi\u0119biorc\u00f3w, mened\u017cer\u00f3w i os\u00f3b zainteresowanych nowoczesnym podej\u015bciem do operacji. Blog \u0142\u0105czy analityczne spojrzenie z praktyk\u0105 rynkow\u0105, pokazuj\u0105c, [&hellip;]<\/p>\n","protected":false},"author":1,"featured_media":0,"parent":0,"menu_order":0,"comment_status":"closed","ping_status":"closed","template":"","meta":{"footnotes":""},"class_list":["post-43","page","type-page","status-publish","hentry"],"_links":{"self":[{"href":"https:\/\/ckzczarnkow.edu.pl\/index.php?rest_route=\/wp\/v2\/pages\/43","targetHints":{"allow":["GET"]}}],"collection":[{"href":"https:\/\/ckzczarnkow.edu.pl\/index.php?rest_route=\/wp\/v2\/pages"}],"about":[{"href":"https:\/\/ckzczarnkow.edu.pl\/index.php?rest_route=\/wp\/v2\/types\/page"}],"author":[{"embeddable":true,"href":"https:\/\/ckzczarnkow.edu.pl\/index.php?rest_route=\/wp\/v2\/users\/1"}],"replies":[{"embeddable":true,"href":"https:\/\/ckzczarnkow.edu.pl\/index.php?rest_route=%2Fwp%2Fv2%2Fcomments&post=43"}],"version-history":[{"count":1,"href":"https:\/\/ckzczarnkow.edu.pl\/index.php?rest_route=\/wp\/v2\/pages\/43\/revisions"}],"predecessor-version":[{"id":44,"href":"https:\/\/ckzczarnkow.edu.pl\/index.php?rest_route=\/wp\/v2\/pages\/43\/revisions\/44"}],"wp:attachment":[{"href":"https:\/\/ckzczarnkow.edu.pl\/index.php?rest_route=%2Fwp%2Fv2%2Fmedia&parent=43"}],"curies":[{"name":"wp","href":"https:\/\/api.w.org\/{rel}","templated":true}]}}